{"id":17,"date":"2024-01-26T19:15:24","date_gmt":"2024-01-26T18:15:24","guid":{"rendered":"https:\/\/lamaisonbleuededoudou.com\/?page_id=17"},"modified":"2024-01-26T21:44:47","modified_gmt":"2024-01-26T20:44:47","slug":"description-de-la-maison","status":"publish","type":"page","link":"https:\/\/lamaisonbleuededoudou.com\/index.php\/description-de-la-maison\/","title":{"rendered":"Description de la maison"},"content":{"rendered":"\t\t<div data-elementor-type=\"wp-page\" data-elementor-id=\"17\" class=\"elementor elementor-17\">\n\t\t\t\t\t\t\t<div class=\"elementor-element elementor-element-fb7c1d0 e-flex e-con-boxed e-con e-parent\" data-id=\"fb7c1d0\" data-element_type=\"container\" data-settings=\"{&quot;content_width&quot;:&quot;boxed&quot;}\" data-core-v316-plus=\"true\">\n\t\t\t\t\t<div class=\"e-con-inner\">\n\t\t<div class=\"elementor-element elementor-element-500f059 e-con-full e-flex e-con e-child\" data-id=\"500f059\" data-element_type=\"container\" data-settings=\"{&quot;content_width&quot;:&quot;full&quot;}\">\n\t\t\t\t<div class=\"elementor-element elementor-element-6d13bd7 elementor-widget elementor-widget-image\" data-id=\"6d13bd7\" data-element_type=\"widget\" data-widget_type=\"image.default\">\n\t\t\t\t<div class=\"elementor-widget-container\">\n\t\t\t<style>\/*! elementor - v3.18.0 - 20-12-2023 *\/\n.elementor-widget-image{text-align:center}.elementor-widget-image a{display:inline-block}.elementor-widget-image a img[src$=\".svg\"]{width:48px}.elementor-widget-image img{vertical-align:middle;display:inline-block}<\/style>\t\t\t\t\t\t\t\t\t\t\t\t<img fetchpriority=\"high\" decoding=\"async\" width=\"1024\" height=\"576\" src=\"https:\/\/lamaisonbleuededoudou.com\/wp-content\/uploads\/2024\/01\/20220710_181059-1024x576.jpg\" class=\"attachment-large size-large wp-image-54\" alt=\"\" srcset=\"https:\/\/lamaisonbleuededoudou.com\/wp-content\/uploads\/2024\/01\/20220710_181059-1024x576.jpg 1024w, https:\/\/lamaisonbleuededoudou.com\/wp-content\/uploads\/2024\/01\/20220710_181059-300x169.jpg 300w, https:\/\/lamaisonbleuededoudou.com\/wp-content\/uploads\/2024\/01\/20220710_181059-768x432.jpg 768w, https:\/\/lamaisonbleuededoudou.com\/wp-content\/uploads\/2024\/01\/20220710_181059-1536x864.jpg 1536w, https:\/\/lamaisonbleuededoudou.com\/wp-content\/uploads\/2024\/01\/20220710_181059-2048x1152.jpg 2048w\" sizes=\"(max-width: 1024px) 100vw, 1024px\" \/>\t\t\t\t\t\t\t\t\t\t\t\t\t\t\t<\/div>\n\t\t\t\t<\/div>\n\t\t\t\t<\/div>\n\t\t<div class=\"elementor-element elementor-element-a1aae61 e-con-full e-flex e-con e-child\" data-id=\"a1aae61\" data-element_type=\"container\" data-settings=\"{&quot;content_width&quot;:&quot;full&quot;}\">\n\t\t\t\t<div class=\"elementor-element elementor-element-e4087c5 elementor-widget elementor-widget-image\" data-id=\"e4087c5\" data-element_type=\"widget\" data-widget_type=\"image.default\">\n\t\t\t\t<div class=\"elementor-widget-container\">\n\t\t\t\t\t\t\t\t\t\t\t\t\t\t\t<img decoding=\"async\" width=\"1024\" height=\"576\" src=\"https:\/\/lamaisonbleuededoudou.com\/wp-content\/uploads\/2024\/01\/20220710_181025-1024x576.jpg\" class=\"attachment-large size-large wp-image-52\" alt=\"\" srcset=\"https:\/\/lamaisonbleuededoudou.com\/wp-content\/uploads\/2024\/01\/20220710_181025-1024x576.jpg 1024w, https:\/\/lamaisonbleuededoudou.com\/wp-content\/uploads\/2024\/01\/20220710_181025-300x169.jpg 300w, https:\/\/lamaisonbleuededoudou.com\/wp-content\/uploads\/2024\/01\/20220710_181025-768x432.jpg 768w, https:\/\/lamaisonbleuededoudou.com\/wp-content\/uploads\/2024\/01\/20220710_181025-1536x864.jpg 1536w, https:\/\/lamaisonbleuededoudou.com\/wp-content\/uploads\/2024\/01\/20220710_181025-2048x1152.jpg 2048w\" sizes=\"(max-width: 1024px) 100vw, 1024px\" \/>\t\t\t\t\t\t\t\t\t\t\t\t\t\t\t<\/div>\n\t\t\t\t<\/div>\n\t\t\t\t<\/div>\n\t\t<div class=\"elementor-element elementor-element-2d4b2db e-con-full e-flex e-con e-child\" data-id=\"2d4b2db\" data-element_type=\"container\" data-settings=\"{&quot;content_width&quot;:&quot;full&quot;}\">\n\t\t\t\t<div class=\"elementor-element elementor-element-e37f726 elementor-widget elementor-widget-image\" data-id=\"e37f726\" data-element_type=\"widget\" data-widget_type=\"image.default\">\n\t\t\t\t<div class=\"elementor-widget-container\">\n\t\t\t\t\t\t\t\t\t\t\t\t\t\t\t<img decoding=\"async\" width=\"1024\" height=\"576\" src=\"https:\/\/lamaisonbleuededoudou.com\/wp-content\/uploads\/2024\/01\/20220710_192429-1024x576.jpg\" class=\"attachment-large size-large wp-image-65\" alt=\"\" srcset=\"https:\/\/lamaisonbleuededoudou.com\/wp-content\/uploads\/2024\/01\/20220710_192429-1024x576.jpg 1024w, https:\/\/lamaisonbleuededoudou.com\/wp-content\/uploads\/2024\/01\/20220710_192429-300x169.jpg 300w, https:\/\/lamaisonbleuededoudou.com\/wp-content\/uploads\/2024\/01\/20220710_192429-768x432.jpg 768w, https:\/\/lamaisonbleuededoudou.com\/wp-content\/uploads\/2024\/01\/20220710_192429-1536x864.jpg 1536w, https:\/\/lamaisonbleuededoudou.com\/wp-content\/uploads\/2024\/01\/20220710_192429-2048x1152.jpg 2048w\" sizes=\"(max-width: 1024px) 100vw, 1024px\" \/>\t\t\t\t\t\t\t\t\t\t\t\t\t\t\t<\/div>\n\t\t\t\t<\/div>\n\t\t\t\t<\/div>\n\t\t<div class=\"elementor-element elementor-element-b114807 e-con-full e-flex e-con e-child\" data-id=\"b114807\" data-element_type=\"container\" data-settings=\"{&quot;content_width&quot;:&quot;full&quot;}\">\n\t\t\t\t<div class=\"elementor-element elementor-element-3744904 elementor-widget elementor-widget-image\" data-id=\"3744904\" data-element_type=\"widget\" data-widget_type=\"image.default\">\n\t\t\t\t<div class=\"elementor-widget-container\">\n\t\t\t\t\t\t\t\t\t\t\t\t\t\t\t<img loading=\"lazy\" decoding=\"async\" width=\"1024\" height=\"576\" src=\"https:\/\/lamaisonbleuededoudou.com\/wp-content\/uploads\/2024\/01\/20220710_182541-1-1024x576.jpg\" class=\"attachment-large size-large wp-image-57\" alt=\"\" srcset=\"https:\/\/lamaisonbleuededoudou.com\/wp-content\/uploads\/2024\/01\/20220710_182541-1-1024x576.jpg 1024w, https:\/\/lamaisonbleuededoudou.com\/wp-content\/uploads\/2024\/01\/20220710_182541-1-300x169.jpg 300w, https:\/\/lamaisonbleuededoudou.com\/wp-content\/uploads\/2024\/01\/20220710_182541-1-768x432.jpg 768w, https:\/\/lamaisonbleuededoudou.com\/wp-content\/uploads\/2024\/01\/20220710_182541-1-1536x864.jpg 1536w, https:\/\/lamaisonbleuededoudou.com\/wp-content\/uploads\/2024\/01\/20220710_182541-1-2048x1152.jpg 2048w\" sizes=\"(max-width: 1024px) 100vw, 1024px\" \/>\t\t\t\t\t\t\t\t\t\t\t\t\t\t\t<\/div>\n\t\t\t\t<\/div>\n\t\t\t\t<\/div>\n\t\t<div class=\"elementor-element elementor-element-fbedf8c e-con-full e-flex e-con e-child\" data-id=\"fbedf8c\" data-element_type=\"container\" data-settings=\"{&quot;content_width&quot;:&quot;full&quot;}\">\n\t\t\t\t<div class=\"elementor-element elementor-element-26bb160 elementor-widget elementor-widget-image\" data-id=\"26bb160\" data-element_type=\"widget\" data-widget_type=\"image.default\">\n\t\t\t\t<div class=\"elementor-widget-container\">\n\t\t\t\t\t\t\t\t\t\t\t\t\t\t\t<img loading=\"lazy\" decoding=\"async\" width=\"1024\" height=\"576\" src=\"https:\/\/lamaisonbleuededoudou.com\/wp-content\/uploads\/2024\/01\/20220710_183124-1024x576.jpg\" class=\"attachment-large size-large wp-image-58\" alt=\"\" srcset=\"https:\/\/lamaisonbleuededoudou.com\/wp-content\/uploads\/2024\/01\/20220710_183124-1024x576.jpg 1024w, https:\/\/lamaisonbleuededoudou.com\/wp-content\/uploads\/2024\/01\/20220710_183124-300x169.jpg 300w, https:\/\/lamaisonbleuededoudou.com\/wp-content\/uploads\/2024\/01\/20220710_183124-768x432.jpg 768w, https:\/\/lamaisonbleuededoudou.com\/wp-content\/uploads\/2024\/01\/20220710_183124-1536x864.jpg 1536w, https:\/\/lamaisonbleuededoudou.com\/wp-content\/uploads\/2024\/01\/20220710_183124-2048x1152.jpg 2048w\" sizes=\"(max-width: 1024px) 100vw, 1024px\" \/>\t\t\t\t\t\t\t\t\t\t\t\t\t\t\t<\/div>\n\t\t\t\t<\/div>\n\t\t\t\t<\/div>\n\t\t<div class=\"elementor-element elementor-element-b76c09f e-con-full e-flex e-con e-child\" data-id=\"b76c09f\" data-element_type=\"container\" data-settings=\"{&quot;content_width&quot;:&quot;full&quot;}\">\n\t\t\t\t<div class=\"elementor-element elementor-element-1a5edc4 elementor-widget elementor-widget-image\" data-id=\"1a5edc4\" data-element_type=\"widget\" data-widget_type=\"image.default\">\n\t\t\t\t<div class=\"elementor-widget-container\">\n\t\t\t\t\t\t\t\t\t\t\t\t\t\t\t<img loading=\"lazy\" decoding=\"async\" width=\"1024\" height=\"576\" src=\"https:\/\/lamaisonbleuededoudou.com\/wp-content\/uploads\/2024\/01\/20220710_181838-1024x576.jpg\" class=\"attachment-large size-large wp-image-56\" alt=\"\" srcset=\"https:\/\/lamaisonbleuededoudou.com\/wp-content\/uploads\/2024\/01\/20220710_181838-1024x576.jpg 1024w, https:\/\/lamaisonbleuededoudou.com\/wp-content\/uploads\/2024\/01\/20220710_181838-300x169.jpg 300w, https:\/\/lamaisonbleuededoudou.com\/wp-content\/uploads\/2024\/01\/20220710_181838-768x432.jpg 768w, https:\/\/lamaisonbleuededoudou.com\/wp-content\/uploads\/2024\/01\/20220710_181838-1536x864.jpg 1536w, https:\/\/lamaisonbleuededoudou.com\/wp-content\/uploads\/2024\/01\/20220710_181838-2048x1152.jpg 2048w\" sizes=\"(max-width: 1024px) 100vw, 1024px\" \/>\t\t\t\t\t\t\t\t\t\t\t\t\t\t\t<\/div>\n\t\t\t\t<\/div>\n\t\t\t\t<\/div>\n\t\t\t\t\t<\/div>\n\t\t\t\t<\/div>\n\t\t<div class=\"elementor-element elementor-element-6c74f7b e-flex e-con-boxed e-con e-parent\" data-id=\"6c74f7b\" data-element_type=\"container\" data-settings=\"{&quot;content_width&quot;:&quot;boxed&quot;}\" data-core-v316-plus=\"true\">\n\t\t\t\t\t<div class=\"e-con-inner\">\n\t\t\t\t<div class=\"elementor-element elementor-element-c53be88 elementor-widget elementor-widget-text-editor\" data-id=\"c53be88\" data-element_type=\"widget\" data-widget_type=\"text-editor.default\">\n\t\t\t\t<div class=\"elementor-widget-container\">\n\t\t\t<style>\/*! elementor - v3.18.0 - 20-12-2023 *\/\n.elementor-widget-text-editor.elementor-drop-cap-view-stacked .elementor-drop-cap{background-color:#69727d;color:#fff}.elementor-widget-text-editor.elementor-drop-cap-view-framed .elementor-drop-cap{color:#69727d;border:3px solid;background-color:transparent}.elementor-widget-text-editor:not(.elementor-drop-cap-view-default) .elementor-drop-cap{margin-top:8px}.elementor-widget-text-editor:not(.elementor-drop-cap-view-default) .elementor-drop-cap-letter{width:1em;height:1em}.elementor-widget-text-editor .elementor-drop-cap{float:left;text-align:center;line-height:1;font-size:50px}.elementor-widget-text-editor .elementor-drop-cap-letter{display:inline-block}<\/style>\t\t\t\t<p class=\"font_7 wixui-rich-text__text\"><span class=\"color_18 wixui-rich-text__text\">La maison construite dans les ann\u00e9es 80 fait partie d&#8217;un petit lotissement r\u00e9sidentiel calme proche du syndicat d&#8217;initiative, du bar, et de la superette; Situ\u00e9e au rez-de-chauss\u00e9e, elle s&#8217;ouvre sur un petit jardin clos le long d&#8217;une prairie.\u00a0<\/span><\/p><p class=\"font_7 wixui-rich-text__text\"><span class=\"wixGuard wixui-rich-text__text\">\u200b<\/span><span class=\"color_18 wixui-rich-text__text\">Nous avons am\u00e9nag\u00e9 cette maison afin de la rendre joyeuse, confortable et agr\u00e9able.\u00a0<\/span><\/p><p class=\"font_7 wixui-rich-text__text\"><span class=\"color_18 wixui-rich-text__text\">Enti\u00e8rement r\u00e9nov\u00e9e, elle est \u00e9quip\u00e9e d&#8217;une clim r\u00e9versible dans la grande pi\u00e8ce \u00e0 vivre et la v\u00e9randa. Vous pourrez alors vous &#8220;pauser&#8221; et vous reposer dans le salon, le coin TV jeux ou la v\u00e9randa. Celle-ci communique avec la cuisine \u00e9quip\u00e9e (four, micro-onde, lave-vaisselle, frigo, plaque de cuisson au gaz&#8230;). Des oiseaux rigolos et color\u00e9s vous amuseront peut-\u00eatre lors de vos exp\u00e9riences culinaires.<\/span><\/p><p class=\"font_7 wixui-rich-text__text\"><span class=\"wixGuard wixui-rich-text__text\">\u200b<\/span><span class=\"color_18 wixui-rich-text__text\">Le coin nuit, se compose de deux chambres, d&#8217;une salle de bain (douche, simple vasque et lave linge), et de toilettes ind\u00e9pendantes.\u00a0<\/span><\/p><p class=\"font_7 wixui-rich-text__text\"><span class=\"color_18 wixui-rich-text__text\">La chambre Azul est \u00e9quip\u00e9e d&#8217;un lit en 140, d&#8217;un petit bureau et d&#8217;un grand placard. La chambre Libellules propose deux lits en 90 et un autre placard.\u00a0<\/span><\/p><p class=\"font_7 wixui-rich-text__text\"><span class=\"color_18 wixui-rich-text__text\">Des fen\u00eatres oscillo-battantes poss\u00e8dent des volets roulants manuels.\u00a0<\/span><\/p><p class=\"font_7 wixui-rich-text__text\"><span class=\"color_18 wixui-rich-text__text\">Dans la maison, il y a quelques cr\u00e9ations, objets ou tableaux \u00e0 chiner, \u00e0 vous de les d\u00e9couvrir&#8230;.<\/span><\/p>\t\t\t\t\t\t<\/div>\n\t\t\t\t<\/div>\n\t\t\t\t\t<\/div>\n\t\t\t\t<\/div>\n\t\t\t\t\t\t\t<\/div>\n\t\t","protected":false},"excerpt":{"rendered":"<p>La maison construite dans les ann\u00e9es 80 fait partie d&#8217;un petit lotissement r\u00e9sidentiel calme proche du syndicat d&#8217;initiative, du bar, et de la superette; Situ\u00e9e au rez-de-chauss\u00e9e, elle s&#8217;ouvre sur un petit jardin clos le long d&#8217;une prairie.\u00a0 \u200bNous avons am\u00e9nag\u00e9 cette maison afin de la rendre joyeuse, confortable et agr\u00e9able.\u00a0 Enti\u00e8rement r\u00e9nov\u00e9e, elle est&hellip;&nbsp;<a href=\"https:\/\/lamaisonbleuededoudou.com\/index.php\/description-de-la-maison\/\" class=\"\" rel=\"bookmark\">Read More &raquo;<span class=\"screen-reader-text\">Description de la maison<\/span><\/a><\/p>\n","protected":false},"author":1,"featured_media":0,"parent":0,"menu_order":0,"comment_status":"closed","ping_status":"closed","template":"page-templates\/template-pagebuilder-full-width.php","meta":{"neve_meta_sidebar":"","neve_meta_container":"","neve_meta_enable_content_width":"","neve_meta_content_width":0,"neve_meta_title_alignment":"","neve_meta_author_avatar":"","neve_post_elements_order":"","neve_meta_disable_header":"","neve_meta_disable_footer":"","neve_meta_disable_title":"","footnotes":""},"class_list":["post-17","page","type-page","status-publish","hentry"],"yoast_head":"<!-- This site is optimized with the Yoast SEO plugin v21.9.1 - https:\/\/yoast.com\/wordpress\/plugins\/seo\/ -->\n<title>Description de la maison - La maison bleue de Doudou<\/title>\n<meta name=\"robots\" content=\"index, follow, max-snippet:-1, max-image-preview:large, max-video-preview:-1\" \/>\n<link rel=\"canonical\" href=\"https:\/\/lamaisonbleuededoudou.com\/index.php\/description-de-la-maison\/\" \/>\n<meta property=\"og:locale\" content=\"en_US\" \/>\n<meta property=\"og:type\" content=\"article\" \/>\n<meta property=\"og:title\" content=\"Description de la maison - La maison bleue de Doudou\" \/>\n<meta property=\"og:description\" content=\"La maison construite dans les ann\u00e9es 80 fait partie d&#8217;un petit lotissement r\u00e9sidentiel calme proche du syndicat d&#8217;initiative, du bar, et de la superette; Situ\u00e9e au rez-de-chauss\u00e9e, elle s&#8217;ouvre sur un petit jardin clos le long d&#8217;une prairie.\u00a0 \u200bNous avons am\u00e9nag\u00e9 cette maison afin de la rendre joyeuse, confortable et agr\u00e9able.\u00a0 Enti\u00e8rement r\u00e9nov\u00e9e, elle est&hellip;&nbsp;Read More &raquo;Description de la maison\" \/>\n<meta property=\"og:url\" content=\"https:\/\/lamaisonbleuededoudou.com\/index.php\/description-de-la-maison\/\" \/>\n<meta property=\"og:site_name\" content=\"La maison bleue de Doudou\" \/>\n<meta property=\"article:modified_time\" content=\"2024-01-26T20:44:47+00:00\" \/>\n<meta property=\"og:image\" content=\"http:\/\/lamaisonbleuededoudou.com\/wp-content\/uploads\/2024\/01\/20220710_181059-1024x576.jpg\" \/>\n<meta name=\"twitter:card\" content=\"summary_large_image\" \/>\n<meta name=\"twitter:label1\" content=\"Est. reading time\" \/>\n\t<meta name=\"twitter:data1\" content=\"3 minutes\" \/>\n<script type=\"application\/ld+json\" class=\"yoast-schema-graph\">{\"@context\":\"https:\/\/schema.org\",\"@graph\":[{\"@type\":\"WebPage\",\"@id\":\"https:\/\/lamaisonbleuededoudou.com\/index.php\/description-de-la-maison\/\",\"url\":\"https:\/\/lamaisonbleuededoudou.com\/index.php\/description-de-la-maison\/\",\"name\":\"Description de la maison - La maison bleue de Doudou\",\"isPartOf\":{\"@id\":\"https:\/\/lamaisonbleuededoudou.com\/#website\"},\"datePublished\":\"2024-01-26T18:15:24+00:00\",\"dateModified\":\"2024-01-26T20:44:47+00:00\",\"breadcrumb\":{\"@id\":\"https:\/\/lamaisonbleuededoudou.com\/index.php\/description-de-la-maison\/#breadcrumb\"},\"inLanguage\":\"en-US\",\"potentialAction\":[{\"@type\":\"ReadAction\",\"target\":[\"https:\/\/lamaisonbleuededoudou.com\/index.php\/description-de-la-maison\/\"]}]},{\"@type\":\"BreadcrumbList\",\"@id\":\"https:\/\/lamaisonbleuededoudou.com\/index.php\/description-de-la-maison\/#breadcrumb\",\"itemListElement\":[{\"@type\":\"ListItem\",\"position\":1,\"name\":\"Accueil\",\"item\":\"https:\/\/lamaisonbleuededoudou.com\/\"},{\"@type\":\"ListItem\",\"position\":2,\"name\":\"Description de la maison\"}]},{\"@type\":\"WebSite\",\"@id\":\"https:\/\/lamaisonbleuededoudou.com\/#website\",\"url\":\"https:\/\/lamaisonbleuededoudou.com\/\",\"name\":\"La maison bleue de Doudou\",\"description\":\"\",\"potentialAction\":[{\"@type\":\"SearchAction\",\"target\":{\"@type\":\"EntryPoint\",\"urlTemplate\":\"https:\/\/lamaisonbleuededoudou.com\/?s={search_term_string}\"},\"query-input\":\"required name=search_term_string\"}],\"inLanguage\":\"en-US\"}]}<\/script>\n<!-- \/ Yoast SEO plugin. -->","yoast_head_json":{"title":"Description de la maison - La maison bleue de Doudou","robots":{"index":"index","follow":"follow","max-snippet":"max-snippet:-1","max-image-preview":"max-image-preview:large","max-video-preview":"max-video-preview:-1"},"canonical":"https:\/\/lamaisonbleuededoudou.com\/index.php\/description-de-la-maison\/","og_locale":"en_US","og_type":"article","og_title":"Description de la maison - La maison bleue de Doudou","og_description":"La maison construite dans les ann\u00e9es 80 fait partie d&#8217;un petit lotissement r\u00e9sidentiel calme proche du syndicat d&#8217;initiative, du bar, et de la superette; Situ\u00e9e au rez-de-chauss\u00e9e, elle s&#8217;ouvre sur un petit jardin clos le long d&#8217;une prairie.\u00a0 \u200bNous avons am\u00e9nag\u00e9 cette maison afin de la rendre joyeuse, confortable et agr\u00e9able.\u00a0 Enti\u00e8rement r\u00e9nov\u00e9e, elle est&hellip;&nbsp;Read More &raquo;Description de la maison","og_url":"https:\/\/lamaisonbleuededoudou.com\/index.php\/description-de-la-maison\/","og_site_name":"La maison bleue de Doudou","article_modified_time":"2024-01-26T20:44:47+00:00","og_image":[{"url":"http:\/\/lamaisonbleuededoudou.com\/wp-content\/uploads\/2024\/01\/20220710_181059-1024x576.jpg"}],"twitter_card":"summary_large_image","twitter_misc":{"Est. reading time":"3 minutes"},"schema":{"@context":"https:\/\/schema.org","@graph":[{"@type":"WebPage","@id":"https:\/\/lamaisonbleuededoudou.com\/index.php\/description-de-la-maison\/","url":"https:\/\/lamaisonbleuededoudou.com\/index.php\/description-de-la-maison\/","name":"Description de la maison - La maison bleue de Doudou","isPartOf":{"@id":"https:\/\/lamaisonbleuededoudou.com\/#website"},"datePublished":"2024-01-26T18:15:24+00:00","dateModified":"2024-01-26T20:44:47+00:00","breadcrumb":{"@id":"https:\/\/lamaisonbleuededoudou.com\/index.php\/description-de-la-maison\/#breadcrumb"},"inLanguage":"en-US","potentialAction":[{"@type":"ReadAction","target":["https:\/\/lamaisonbleuededoudou.com\/index.php\/description-de-la-maison\/"]}]},{"@type":"BreadcrumbList","@id":"https:\/\/lamaisonbleuededoudou.com\/index.php\/description-de-la-maison\/#breadcrumb","itemListElement":[{"@type":"ListItem","position":1,"name":"Accueil","item":"https:\/\/lamaisonbleuededoudou.com\/"},{"@type":"ListItem","position":2,"name":"Description de la maison"}]},{"@type":"WebSite","@id":"https:\/\/lamaisonbleuededoudou.com\/#website","url":"https:\/\/lamaisonbleuededoudou.com\/","name":"La maison bleue de Doudou","description":"","potentialAction":[{"@type":"SearchAction","target":{"@type":"EntryPoint","urlTemplate":"https:\/\/lamaisonbleuededoudou.com\/?s={search_term_string}"},"query-input":"required name=search_term_string"}],"inLanguage":"en-US"}]}},"_links":{"self":[{"href":"https:\/\/lamaisonbleuededoudou.com\/index.php\/wp-json\/wp\/v2\/pages\/17","targetHints":{"allow":["GET"]}}],"collection":[{"href":"https:\/\/lamaisonbleuededoudou.com\/index.php\/wp-json\/wp\/v2\/pages"}],"about":[{"href":"https:\/\/lamaisonbleuededoudou.com\/index.php\/wp-json\/wp\/v2\/types\/page"}],"author":[{"embeddable":true,"href":"https:\/\/lamaisonbleuededoudou.com\/index.php\/wp-json\/wp\/v2\/users\/1"}],"replies":[{"embeddable":true,"href":"https:\/\/lamaisonbleuededoudou.com\/index.php\/wp-json\/wp\/v2\/comments?post=17"}],"version-history":[{"count":7,"href":"https:\/\/lamaisonbleuededoudou.com\/index.php\/wp-json\/wp\/v2\/pages\/17\/revisions"}],"predecessor-version":[{"id":74,"href":"https:\/\/lamaisonbleuededoudou.com\/index.php\/wp-json\/wp\/v2\/pages\/17\/revisions\/74"}],"wp:attachment":[{"href":"https:\/\/lamaisonbleuededoudou.com\/index.php\/wp-json\/wp\/v2\/media?parent=17"}],"curies":[{"name":"wp","href":"https:\/\/api.w.org\/{rel}","templated":true}]}}