{"id":15,"date":"2024-01-26T19:15:05","date_gmt":"2024-01-26T18:15:05","guid":{"rendered":"https:\/\/lamaisonbleuededoudou.com\/?page_id=15"},"modified":"2025-04-25T17:59:05","modified_gmt":"2025-04-25T15:59:05","slug":"accueil","status":"publish","type":"page","link":"https:\/\/lamaisonbleuededoudou.com\/","title":{"rendered":"Accueil"},"content":{"rendered":"\t\t<div data-elementor-type=\"wp-page\" data-elementor-id=\"15\" class=\"elementor elementor-15\">\n\t\t\t\t\t\t\t<div class=\"elementor-element elementor-element-d6bf539 e-flex e-con-boxed e-con e-parent\" data-id=\"d6bf539\" data-element_type=\"container\" data-settings=\"{&quot;content_width&quot;:&quot;boxed&quot;}\" data-core-v316-plus=\"true\">\n\t\t\t\t\t<div class=\"e-con-inner\">\n\t\t\t\t<div class=\"elementor-element elementor-element-9b5aaf4 elementor-widget elementor-widget-heading\" data-id=\"9b5aaf4\" data-element_type=\"widget\" data-widget_type=\"heading.default\">\n\t\t\t\t<div class=\"elementor-widget-container\">\n\t\t\t<style>\/*! elementor - v3.18.0 - 20-12-2023 *\/\n.elementor-heading-title{padding:0;margin:0;line-height:1}.elementor-widget-heading .elementor-heading-title[class*=elementor-size-]>a{color:inherit;font-size:inherit;line-height:inherit}.elementor-widget-heading .elementor-heading-title.elementor-size-small{font-size:15px}.elementor-widget-heading .elementor-heading-title.elementor-size-medium{font-size:19px}.elementor-widget-heading .elementor-heading-title.elementor-size-large{font-size:29px}.elementor-widget-heading .elementor-heading-title.elementor-size-xl{font-size:39px}.elementor-widget-heading .elementor-heading-title.elementor-size-xxl{font-size:59px}<\/style><h2 class=\"elementor-heading-title elementor-size-default\">Un g\u00eete au coeur du village thermal de Cast\u00e9ra-Verduzan !<\/h2>\t\t<\/div>\n\t\t\t\t<\/div>\n\t\t\t\t\t<\/div>\n\t\t\t\t<\/div>\n\t\t<div class=\"elementor-element elementor-element-64abe59 e-flex e-con-boxed e-con e-parent\" data-id=\"64abe59\" data-element_type=\"container\" data-settings=\"{&quot;content_width&quot;:&quot;boxed&quot;}\" data-core-v316-plus=\"true\">\n\t\t\t\t\t<div class=\"e-con-inner\">\n\t\t<div class=\"elementor-element elementor-element-1d3c755 e-con-full e-flex e-con e-child\" data-id=\"1d3c755\" data-element_type=\"container\" data-settings=\"{&quot;content_width&quot;:&quot;full&quot;}\">\n\t\t\t\t<div class=\"elementor-element elementor-element-e51fe5b elementor-widget elementor-widget-image\" data-id=\"e51fe5b\" data-element_type=\"widget\" data-widget_type=\"image.default\">\n\t\t\t\t<div class=\"elementor-widget-container\">\n\t\t\t<style>\/*! elementor - v3.18.0 - 20-12-2023 *\/\n.elementor-widget-image{text-align:center}.elementor-widget-image a{display:inline-block}.elementor-widget-image a img[src$=\".svg\"]{width:48px}.elementor-widget-image img{vertical-align:middle;display:inline-block}<\/style>\t\t\t\t\t\t\t\t\t\t\t\t<img fetchpriority=\"high\" decoding=\"async\" width=\"1024\" height=\"867\" src=\"https:\/\/lamaisonbleuededoudou.com\/wp-content\/uploads\/2024\/01\/20220710_181059-2-1024x867.jpg\" class=\"attachment-large size-large wp-image-36\" alt=\"\" srcset=\"https:\/\/lamaisonbleuededoudou.com\/wp-content\/uploads\/2024\/01\/20220710_181059-2-1024x867.jpg 1024w, https:\/\/lamaisonbleuededoudou.com\/wp-content\/uploads\/2024\/01\/20220710_181059-2-300x254.jpg 300w, https:\/\/lamaisonbleuededoudou.com\/wp-content\/uploads\/2024\/01\/20220710_181059-2-768x650.jpg 768w, https:\/\/lamaisonbleuededoudou.com\/wp-content\/uploads\/2024\/01\/20220710_181059-2-1536x1301.jpg 1536w, https:\/\/lamaisonbleuededoudou.com\/wp-content\/uploads\/2024\/01\/20220710_181059-2.jpg 2010w\" sizes=\"(max-width: 1024px) 100vw, 1024px\" \/>\t\t\t\t\t\t\t\t\t\t\t\t\t\t\t<\/div>\n\t\t\t\t<\/div>\n\t\t\t\t<\/div>\n\t\t<div class=\"elementor-element elementor-element-8cae55e e-con-full e-flex e-con e-child\" data-id=\"8cae55e\" data-element_type=\"container\" data-settings=\"{&quot;content_width&quot;:&quot;full&quot;}\">\n\t\t\t\t<div class=\"elementor-element elementor-element-2e91574 elementor-widget elementor-widget-image\" data-id=\"2e91574\" data-element_type=\"widget\" data-widget_type=\"image.default\">\n\t\t\t\t<div class=\"elementor-widget-container\">\n\t\t\t\t\t\t\t\t\t\t\t\t\t\t\t<img decoding=\"async\" src=\"https:\/\/lamaisonbleuededoudou.com\/wp-content\/uploads\/2024\/01\/b0.jpg\" title=\"b0\" alt=\"b0\" loading=\"lazy\" \/>\t\t\t\t\t\t\t\t\t\t\t\t\t\t\t<\/div>\n\t\t\t\t<\/div>\n\t\t\t\t<\/div>\n\t\t\t\t\t<\/div>\n\t\t\t\t<\/div>\n\t\t<div class=\"elementor-element elementor-element-0bd4423 e-flex e-con-boxed e-con e-parent\" data-id=\"0bd4423\" data-element_type=\"container\" data-settings=\"{&quot;content_width&quot;:&quot;boxed&quot;}\" data-core-v316-plus=\"true\">\n\t\t\t\t\t<div class=\"e-con-inner\">\n\t\t\t\t<div class=\"elementor-element elementor-element-7f3ab42 elementor-widget elementor-widget-text-editor\" data-id=\"7f3ab42\" data-element_type=\"widget\" data-widget_type=\"text-editor.default\">\n\t\t\t\t<div class=\"elementor-widget-container\">\n\t\t\t<style>\/*! elementor - v3.18.0 - 20-12-2023 *\/\n.elementor-widget-text-editor.elementor-drop-cap-view-stacked .elementor-drop-cap{background-color:#69727d;color:#fff}.elementor-widget-text-editor.elementor-drop-cap-view-framed .elementor-drop-cap{color:#69727d;border:3px solid;background-color:transparent}.elementor-widget-text-editor:not(.elementor-drop-cap-view-default) .elementor-drop-cap{margin-top:8px}.elementor-widget-text-editor:not(.elementor-drop-cap-view-default) .elementor-drop-cap-letter{width:1em;height:1em}.elementor-widget-text-editor .elementor-drop-cap{float:left;text-align:center;line-height:1;font-size:50px}.elementor-widget-text-editor .elementor-drop-cap-letter{display:inline-block}<\/style>\t\t\t\t<p style=\"background: transparent; border: 0px; outline: 0px; vertical-align: baseline; pointer-events: auto; font-size: 35px; color: rgb(var(--color_15)); margin-block: 0px; margin-bottom: 0px; text-align: justify;\"><span style=\"background: transparent; border: 0px; margin: 0px; outline: 0px; padding: 0px; vertical-align: baseline; color: rgb(var(--color_18));\">Notre maison se situe au coeur de ce petit village gersois en Occitanie dans un quartier r\u00e9sidentiel. Elle est proche de tous les commerces, services, et activit\u00e9s de loisirs : lac, parcs, casino, et centre thermal. Vous pourrez ainsi profiter des plaisirs de la plage \u00e0 la campagne, des jeux au casino am\u00e9nag\u00e9 dans l&#8217;ancien mus\u00e9e Lannelongue, ou bien pr\u00e9voir une cure ou un s\u00e9jour bien-\u00eatre aux Thermes.&nbsp;<\/span><\/p><p style=\"background: transparent; border: 0px; outline: 0px; vertical-align: baseline; pointer-events: auto; font-size: 35px; color: rgb(var(--color_15)); margin-block: 0px; margin-bottom: 0px; text-align: justify;\"><span style=\"background: transparent; border: 0px; margin: 0px; outline: 0px; padding: 0px; vertical-align: baseline; color: rgb(var(--color_18));\"><br><\/span><\/p>\n<p style=\"background: transparent; border: 0px; outline: 0px; vertical-align: baseline; pointer-events: auto; font-size: 35px; color: rgb(var(--color_15)); margin-block: 0px; margin-bottom: 0px; text-align: justify;\">\n<\/p><p style=\"background: transparent; border: 0px; outline: 0px; vertical-align: baseline; pointer-events: auto; font-size: 35px; color: rgb(var(--color_15)); margin-block: 0px; margin-bottom: 0px; text-align: justify;\"><span style=\"background: transparent; border: 0px; margin: 0px; outline: 0px; padding: 0px; vertical-align: baseline; color: rgb(var(--color_18));\">Et surtout&#8230; d\u00e9couvrir les plaisirs gastronomiques, les vignobles, les paysages vallonn\u00e9s et un patrimoine historique et culturel passionnant!<\/span><\/p>\t\t\t\t\t\t<\/div>\n\t\t\t\t<\/div>\n\t\t<div class=\"elementor-element elementor-element-6d0f69c e-flex e-con-boxed e-con e-child\" data-id=\"6d0f69c\" data-element_type=\"container\" data-settings=\"{&quot;content_width&quot;:&quot;boxed&quot;}\">\n\t\t\t\t\t<div class=\"e-con-inner\">\n\t\t\t\t\t<\/div>\n\t\t\t\t<\/div>\n\t\t\t\t\t<\/div>\n\t\t\t\t<\/div>\n\t\t<div class=\"elementor-element elementor-element-c8024a3 e-flex e-con-boxed e-con e-parent\" data-id=\"c8024a3\" data-element_type=\"container\" data-settings=\"{&quot;content_width&quot;:&quot;boxed&quot;}\" data-core-v316-plus=\"true\">\n\t\t\t\t\t<div class=\"e-con-inner\">\n\t\t<div class=\"elementor-element elementor-element-df3f330 e-con-full e-flex e-con e-child\" data-id=\"df3f330\" data-element_type=\"container\" data-settings=\"{&quot;content_width&quot;:&quot;full&quot;}\">\n\t\t\t\t<div class=\"elementor-element elementor-element-0bb6cf8 elementor-widget elementor-widget-google_maps\" data-id=\"0bb6cf8\" data-element_type=\"widget\" data-widget_type=\"google_maps.default\">\n\t\t\t\t<div class=\"elementor-widget-container\">\n\t\t\t<style>\/*! elementor - v3.18.0 - 20-12-2023 *\/\n.elementor-widget-google_maps .elementor-widget-container{overflow:hidden}.elementor-widget-google_maps .elementor-custom-embed{line-height:0}.elementor-widget-google_maps iframe{height:300px}<\/style>\t\t<div class=\"elementor-custom-embed\">\n\t\t\t<iframe loading=\"lazy\"\n\t\t\t\t\tsrc=\"https:\/\/maps.google.com\/maps?q=Cast%C3%A9ra%20Verduzan&#038;t=m&#038;z=9&#038;output=embed&#038;iwloc=near\"\n\t\t\t\t\ttitle=\"Cast\u00e9ra Verduzan\"\n\t\t\t\t\taria-label=\"Cast\u00e9ra Verduzan\"\n\t\t\t><\/iframe>\n\t\t<\/div>\n\t\t\t\t<\/div>\n\t\t\t\t<\/div>\n\t\t\t\t<\/div>\n\t\t<div class=\"elementor-element elementor-element-54c8868 e-con-full e-flex e-con e-child\" data-id=\"54c8868\" data-element_type=\"container\" data-settings=\"{&quot;content_width&quot;:&quot;full&quot;}\">\n\t\t\t\t<div class=\"elementor-element elementor-element-5adf81d elementor-view-default elementor-widget elementor-widget-icon\" data-id=\"5adf81d\" data-element_type=\"widget\" data-widget_type=\"icon.default\">\n\t\t\t\t<div class=\"elementor-widget-container\">\n\t\t\t\t\t<div class=\"elementor-icon-wrapper\">\n\t\t\t<div class=\"elementor-icon\">\n\t\t\t<svg aria-hidden=\"true\" class=\"e-font-icon-svg e-fas-phone\" viewBox=\"0 0 512 512\" xmlns=\"http:\/\/www.w3.org\/2000\/svg\"><path d=\"M493.4 24.6l-104-24c-11.3-2.6-22.9 3.3-27.5 13.9l-48 112c-4.2 9.8-1.4 21.3 6.9 28l60.6 49.6c-36 76.7-98.9 140.5-177.2 177.2l-49.6-60.6c-6.8-8.3-18.2-11.1-28-6.9l-112 48C3.9 366.5-2 378.1.6 389.4l24 104C27.1 504.2 36.7 512 48 512c256.1 0 464-207.5 464-464 0-11.2-7.7-20.9-18.6-23.4z\"><\/path><\/svg>\t\t\t<\/div>\n\t\t<\/div>\n\t\t\t\t<\/div>\n\t\t\t\t<\/div>\n\t\t\t\t<div class=\"elementor-element elementor-element-372d881 elementor-widget__width-inherit elementor-widget elementor-widget-text-editor\" data-id=\"372d881\" data-element_type=\"widget\" data-widget_type=\"text-editor.default\">\n\t\t\t\t<div class=\"elementor-widget-container\">\n\t\t\t\t\t\t\t<p>Contact&nbsp;<\/p>\n<p>&nbsp;06-87-61-09-78<\/p>\n<p>&nbsp;lamaisonbleuededoudou@gmail.com<\/p>\t\t\t\t\t\t<\/div>\n\t\t\t\t<\/div>\n\t\t\t\t<\/div>\n\t\t\t\t\t<\/div>\n\t\t\t\t<\/div>\n\t\t\t\t\t\t\t<\/div>\n\t\t","protected":false},"excerpt":{"rendered":"<p>Un g\u00eete au coeur du village thermal de Cast\u00e9ra-Verduzan ! Notre maison se situe au coeur de ce petit village gersois en Occitanie dans un quartier r\u00e9sidentiel. Elle est proche de tous les commerces, services, et activit\u00e9s de loisirs : lac, parcs, casino, et centre thermal. Vous pourrez ainsi profiter des plaisirs de la plage&hellip;&nbsp;<a href=\"https:\/\/lamaisonbleuededoudou.com\/\" class=\"\" rel=\"bookmark\">Read More &raquo;<span class=\"screen-reader-text\">Accueil<\/span><\/a><\/p>\n","protected":false},"author":1,"featured_media":0,"parent":0,"menu_order":0,"comment_status":"closed","ping_status":"closed","template":"page-templates\/template-pagebuilder-full-width.php","meta":{"neve_meta_sidebar":"","neve_meta_container":"","neve_meta_enable_content_width":"","neve_meta_content_width":0,"neve_meta_title_alignment":"","neve_meta_author_avatar":"","neve_post_elements_order":"","neve_meta_disable_header":"","neve_meta_disable_footer":"","neve_meta_disable_title":"","footnotes":""},"class_list":["post-15","page","type-page","status-publish","hentry"],"yoast_head":"<!-- This site is optimized with the Yoast SEO plugin v21.9.1 - https:\/\/yoast.com\/wordpress\/plugins\/seo\/ -->\n<title>Accueil - La maison bleue de Doudou<\/title>\n<meta name=\"robots\" content=\"index, follow, max-snippet:-1, max-image-preview:large, max-video-preview:-1\" \/>\n<link rel=\"canonical\" href=\"https:\/\/lamaisonbleuededoudou.com\/\" \/>\n<meta property=\"og:locale\" content=\"en_US\" \/>\n<meta property=\"og:type\" content=\"article\" \/>\n<meta property=\"og:title\" content=\"Accueil - La maison bleue de Doudou\" \/>\n<meta property=\"og:description\" content=\"Un g\u00eete au coeur du village thermal de Cast\u00e9ra-Verduzan ! Notre maison se situe au coeur de ce petit village gersois en Occitanie dans un quartier r\u00e9sidentiel. Elle est proche de tous les commerces, services, et activit\u00e9s de loisirs : lac, parcs, casino, et centre thermal. Vous pourrez ainsi profiter des plaisirs de la plage&hellip;&nbsp;Read More &raquo;Accueil\" \/>\n<meta property=\"og:url\" content=\"https:\/\/lamaisonbleuededoudou.com\/\" \/>\n<meta property=\"og:site_name\" content=\"La maison bleue de Doudou\" \/>\n<meta property=\"article:modified_time\" content=\"2025-04-25T15:59:05+00:00\" \/>\n<meta property=\"og:image\" content=\"http:\/\/lamaisonbleuededoudou.com\/wp-content\/uploads\/2024\/01\/20220710_181059-2-1024x867.jpg\" \/>\n<meta name=\"twitter:card\" content=\"summary_large_image\" \/>\n<meta name=\"twitter:label1\" content=\"Est. reading time\" \/>\n\t<meta name=\"twitter:data1\" content=\"1 minute\" \/>\n<script type=\"application\/ld+json\" class=\"yoast-schema-graph\">{\"@context\":\"https:\/\/schema.org\",\"@graph\":[{\"@type\":\"WebPage\",\"@id\":\"https:\/\/lamaisonbleuededoudou.com\/\",\"url\":\"https:\/\/lamaisonbleuededoudou.com\/\",\"name\":\"Accueil - La maison bleue de Doudou\",\"isPartOf\":{\"@id\":\"https:\/\/lamaisonbleuededoudou.com\/#website\"},\"datePublished\":\"2024-01-26T18:15:05+00:00\",\"dateModified\":\"2025-04-25T15:59:05+00:00\",\"breadcrumb\":{\"@id\":\"https:\/\/lamaisonbleuededoudou.com\/#breadcrumb\"},\"inLanguage\":\"en-US\",\"potentialAction\":[{\"@type\":\"ReadAction\",\"target\":[\"https:\/\/lamaisonbleuededoudou.com\/\"]}]},{\"@type\":\"BreadcrumbList\",\"@id\":\"https:\/\/lamaisonbleuededoudou.com\/#breadcrumb\",\"itemListElement\":[{\"@type\":\"ListItem\",\"position\":1,\"name\":\"Accueil\",\"item\":\"https:\/\/lamaisonbleuededoudou.com\/\"},{\"@type\":\"ListItem\",\"position\":2,\"name\":\"Accueil\"}]},{\"@type\":\"WebSite\",\"@id\":\"https:\/\/lamaisonbleuededoudou.com\/#website\",\"url\":\"https:\/\/lamaisonbleuededoudou.com\/\",\"name\":\"La maison bleue de Doudou\",\"description\":\"\",\"potentialAction\":[{\"@type\":\"SearchAction\",\"target\":{\"@type\":\"EntryPoint\",\"urlTemplate\":\"https:\/\/lamaisonbleuededoudou.com\/?s={search_term_string}\"},\"query-input\":\"required name=search_term_string\"}],\"inLanguage\":\"en-US\"}]}<\/script>\n<!-- \/ Yoast SEO plugin. -->","yoast_head_json":{"title":"Accueil - La maison bleue de Doudou","robots":{"index":"index","follow":"follow","max-snippet":"max-snippet:-1","max-image-preview":"max-image-preview:large","max-video-preview":"max-video-preview:-1"},"canonical":"https:\/\/lamaisonbleuededoudou.com\/","og_locale":"en_US","og_type":"article","og_title":"Accueil - La maison bleue de Doudou","og_description":"Un g\u00eete au coeur du village thermal de Cast\u00e9ra-Verduzan ! Notre maison se situe au coeur de ce petit village gersois en Occitanie dans un quartier r\u00e9sidentiel. Elle est proche de tous les commerces, services, et activit\u00e9s de loisirs : lac, parcs, casino, et centre thermal. Vous pourrez ainsi profiter des plaisirs de la plage&hellip;&nbsp;Read More &raquo;Accueil","og_url":"https:\/\/lamaisonbleuededoudou.com\/","og_site_name":"La maison bleue de Doudou","article_modified_time":"2025-04-25T15:59:05+00:00","og_image":[{"url":"http:\/\/lamaisonbleuededoudou.com\/wp-content\/uploads\/2024\/01\/20220710_181059-2-1024x867.jpg"}],"twitter_card":"summary_large_image","twitter_misc":{"Est. reading time":"1 minute"},"schema":{"@context":"https:\/\/schema.org","@graph":[{"@type":"WebPage","@id":"https:\/\/lamaisonbleuededoudou.com\/","url":"https:\/\/lamaisonbleuededoudou.com\/","name":"Accueil - La maison bleue de Doudou","isPartOf":{"@id":"https:\/\/lamaisonbleuededoudou.com\/#website"},"datePublished":"2024-01-26T18:15:05+00:00","dateModified":"2025-04-25T15:59:05+00:00","breadcrumb":{"@id":"https:\/\/lamaisonbleuededoudou.com\/#breadcrumb"},"inLanguage":"en-US","potentialAction":[{"@type":"ReadAction","target":["https:\/\/lamaisonbleuededoudou.com\/"]}]},{"@type":"BreadcrumbList","@id":"https:\/\/lamaisonbleuededoudou.com\/#breadcrumb","itemListElement":[{"@type":"ListItem","position":1,"name":"Accueil","item":"https:\/\/lamaisonbleuededoudou.com\/"},{"@type":"ListItem","position":2,"name":"Accueil"}]},{"@type":"WebSite","@id":"https:\/\/lamaisonbleuededoudou.com\/#website","url":"https:\/\/lamaisonbleuededoudou.com\/","name":"La maison bleue de Doudou","description":"","potentialAction":[{"@type":"SearchAction","target":{"@type":"EntryPoint","urlTemplate":"https:\/\/lamaisonbleuededoudou.com\/?s={search_term_string}"},"query-input":"required name=search_term_string"}],"inLanguage":"en-US"}]}},"_links":{"self":[{"href":"https:\/\/lamaisonbleuededoudou.com\/index.php\/wp-json\/wp\/v2\/pages\/15","targetHints":{"allow":["GET"]}}],"collection":[{"href":"https:\/\/lamaisonbleuededoudou.com\/index.php\/wp-json\/wp\/v2\/pages"}],"about":[{"href":"https:\/\/lamaisonbleuededoudou.com\/index.php\/wp-json\/wp\/v2\/types\/page"}],"author":[{"embeddable":true,"href":"https:\/\/lamaisonbleuededoudou.com\/index.php\/wp-json\/wp\/v2\/users\/1"}],"replies":[{"embeddable":true,"href":"https:\/\/lamaisonbleuededoudou.com\/index.php\/wp-json\/wp\/v2\/comments?post=15"}],"version-history":[{"count":8,"href":"https:\/\/lamaisonbleuededoudou.com\/index.php\/wp-json\/wp\/v2\/pages\/15\/revisions"}],"predecessor-version":[{"id":89,"href":"https:\/\/lamaisonbleuededoudou.com\/index.php\/wp-json\/wp\/v2\/pages\/15\/revisions\/89"}],"wp:attachment":[{"href":"https:\/\/lamaisonbleuededoudou.com\/index.php\/wp-json\/wp\/v2\/media?parent=15"}],"curies":[{"name":"wp","href":"https:\/\/api.w.org\/{rel}","templated":true}]}}